{"id":4544,"date":"2017-11-09T12:55:58","date_gmt":"2017-11-09T12:55:58","guid":{"rendered":"https:\/\/hcaresol.pt\/calidad-y-sostenibilidad\/"},"modified":"2024-11-15T16:02:47","modified_gmt":"2024-11-15T16:02:47","slug":"calidad-y-sostenibilidad","status":"publish","type":"page","link":"https:\/\/hcaresol.pt\/es\/calidad-y-sostenibilidad\/","title":{"rendered":"Calidad y Sostenibilidad"},"content":{"rendered":"<div class=\"wpb-content-wrapper\"><p>[vc_row heading_color=\u00bblight\u00bb bg_type=\u00bbimage\u00bb bg_image=\u00bb3289&#8243; color_overlay=\u00bbcustom\u00bb color_overlay_custom=\u00bbrgba(90,193,208,0.3)\u00bb padding_top_multiplier=\u00bb6x\u00bb padding_bottom_multiplier=\u00bb6x\u00bb separator_bottom=\u00bbcurve-left-separator\u00bb font_color=\u00bb#ffffff\u00bb][vc_column width=\u00bb1\/6&#8243;][\/vc_column][vc_column width=\u00bb2\/3&#8243;]<h1 class=\"eut-element eut-title eut-align-center eut-h3\" style=\"\"><span>Calidad y Sostenibilidad<\/span><\/h1>[\/vc_column][vc_column width=\u00bb1\/6&#8243;][\/vc_column][\/vc_row][vc_row padding_top_multiplier=\u00bb\u00bb padding_bottom_multiplier=\u00bb\u00bb][vc_column column_custom_position=\u00bbyes\u00bb position_top=\u00bbminus-6x\u00bb position_left=\u00bb6x\u00bb width=\u00bb1\/4&#8243; tablet_text_align=\u00bbcenter\u00bb tablet_sm_text_align=\u00bbcenter\u00bb mobile_text_align=\u00bbcenter\u00bb text_align=\u00bbcenter\u00bb][\/vc_column][vc_column column_custom_position=\u00bbyes\u00bb position_top=\u00bbminus-5x\u00bb width=\u00bb1\/2&#8243;]<div class=\"eut-element eut-image eut-drop-shadow-large eut-align-center\" style=\"\">  <div class=\"eut-image-wrapper\"><img loading=\"lazy\" decoding=\"async\" width=\"1024\" height=\"707\" src=\"https:\/\/hcaresol.pt\/wp-content\/uploads\/2024\/06\/certificado-hcaresol-1024x707.jpg\" class=\"attachment-large size-large\" alt=\"Certificado de Qualidade n\u00ba 2019\/CEP.5605 | Quality Certificate No. 2019\/CEP.5605\" srcset=\"https:\/\/hcaresol.pt\/wp-content\/uploads\/2024\/06\/certificado-hcaresol-1024x707.jpg 1024w, https:\/\/hcaresol.pt\/wp-content\/uploads\/2024\/06\/certificado-hcaresol-300x207.jpg 300w, https:\/\/hcaresol.pt\/wp-content\/uploads\/2024\/06\/certificado-hcaresol-768x530.jpg 768w, https:\/\/hcaresol.pt\/wp-content\/uploads\/2024\/06\/certificado-hcaresol-1536x1061.jpg 1536w, https:\/\/hcaresol.pt\/wp-content\/uploads\/2024\/06\/certificado-hcaresol-1920x1326.jpg 1920w, https:\/\/hcaresol.pt\/wp-content\/uploads\/2024\/06\/certificado-hcaresol-600x414.jpg 600w\" sizes=\"auto, (max-width: 1024px) 100vw, 1024px\" \/>   <\/div><\/div>[\/vc_column][vc_column width=\u00bb1\/4&#8243;][\/vc_column][\/vc_row][vc_row padding_top_multiplier=\u00bb\u00bb padding_bottom_multiplier=\u00bb6x\u00bb columns_gap=\u00bb60&#8243;][vc_column width=\u00bb1\/6&#8243;][\/vc_column][vc_column width=\u00bb4\/6&#8243;][vc_column_text css=\u00bb\u00bb text_style=\u00bbleader-text\u00bb]En HCareSol, sabemos que la calidad de nuestros productos es una condici\u00f3n fundamental para el \u00e9xito de la empresa. Con actividad centrada en la satisfacci\u00f3n del cliente, efectuamos controles de calidad muy rigurosos en todas las fases del proceso productivo, para garantizar que cada pedido llega a su destino con la m\u00e1xima calidad. Conscientes de que la calidad es un trabajo en curso, nos basamos en la mejora continua para garantizar un constante perfeccionamento de los procesos y, consecuentemente, de los productos. A trav\u00e9s de la formaci\u00f3n, buscamos dar a nuestros colaboradores los medios para que lo hagan, siempre, m\u00e1s y mejor, con seguridad y calidad. Este trabajo continuo es validado por la certificaci\u00f3n de nuestro Sistema de Gesti\u00f3n de la Calidad segun la norma ISO 9001:2015. Adem\u00e1s, todos los productos considerados dispositivos m\u00e9dicos disponen de certificaci\u00f3n CE y est\u00e1n registrados en INFARMED.[\/vc_column_text][\/vc_column][vc_column width=\u00bb1\/6&#8243;][\/vc_column][\/vc_row][vc_row heading_color=\u00bblight\u00bb bg_type=\u00bbcolor\u00bb padding_top_multiplier=\u00bb4x\u00bb padding_bottom_multiplier=\u00bb4x\u00bb columns_gap=\u00bb60&#8243; font_color=\u00bb#ffffff\u00bb bg_color=\u00bb#5ac1d0&#8243;][vc_column width=\u00bb1\/6&#8243;][\/vc_column][vc_column width=\u00bb4\/6&#8243;]<h3 class=\"eut-element eut-title eut-align-center eut-h3\" style=\"\"><span>\u00a1La Sostenibilidad como Objetivo!<\/span><\/h3>[vc_column_text css=\u00bb\u00bb text_style=\u00bbleader-text\u00bb]Creemos que la sostenibilidad debe ser el objetivo de todos los negocios. Y un negocio sostenible va m\u00e1s all\u00e1 de la protecci\u00f3n ambiental. Cuidar de la sociedad, contribuyendo para nuestra comunidad y garantizar la salud y seguridad de nuestros colaboradores es, tambi\u00e9n, fundamental para garantizar la sostenibilidad al largo prazo de todas las empresas.[\/vc_column_text][\/vc_column][vc_column width=\u00bb1\/6&#8243;][\/vc_column][\/vc_row][vc_row padding_top_multiplier=\u00bb4x\u00bb padding_bottom_multiplier=\u00bb4x\u00bb columns_gap=\u00bb60&#8243;][vc_column width=\u00bb1\/2&#8243;]<h3 class=\"eut-element eut-title eut-align-center eut-h4\" style=\"\"><span>Protecci\u00f3n Ambiental<\/span><\/h3><div class=\"eut-empty-space eut-height-1x\" style=\"\"><\/div><div class=\"eut-element eut-image eut-align-center eut-full-image eut-image-space-100\" style=\"\">  <div class=\"eut-image-wrapper\"><img loading=\"lazy\" decoding=\"async\" width=\"2000\" height=\"1333\" src=\"https:\/\/hcaresol.pt\/wp-content\/uploads\/2024\/07\/ambiente.png\" class=\"eut-extra-round attachment-full size-full\" alt=\"\" srcset=\"https:\/\/hcaresol.pt\/wp-content\/uploads\/2024\/07\/ambiente.png 1x,https:\/\/hcaresol.pt\/wp-content\/uploads\/2024\/07\/ambiente.png 2x\" \/>   <\/div><\/div><div class=\"eut-empty-space eut-height-1x\" style=\"\"><\/div>[vc_column_text css=\u00bb\u00bb]En HCareSol, sabemos que s\u00f3lo podremos pensar en nuestro futuro cuando hacemos la nuestra parte para garantizar el futuro del planeta. A trav\u00e9s de la utilizaci\u00f3n de procesos tecnol\u00f3gicos avanzados conseguimos garantizar una producci\u00f3n m\u00e1s eficiente, con una reducci\u00f3n del consumo energ\u00e9tico y el control de la producci\u00f3n de residuos. El compromiso con la responsabilidad ambiental es tambi\u00e9n demostrado en la utilizaci\u00f3n de productos y tecnolog\u00edas amigas del ambiente: los contaminantes atmosf\u00e9ricos son regularmente controlados, las aguas residuales son tratadas, la gesti\u00f3n de los residuos producidos por el proceso productivo es hecha de acuerdo con la legislaci\u00f3n vigente y la mayor\u00eda de los equipos de manpulaci\u00f3n de cargas son el\u00e9ctricos.[\/vc_column_text][\/vc_column][vc_column width=\u00bb1\/2&#8243;]<h3 class=\"eut-element eut-title eut-align-center eut-h4\" style=\"\"><span>Responsabilidad Social<\/span><\/h3><div class=\"eut-empty-space eut-height-1x\" style=\"\"><\/div><div class=\"eut-element eut-image eut-align-center eut-full-image eut-image-space-100\" style=\"\">  <div class=\"eut-image-wrapper\"><img loading=\"lazy\" decoding=\"async\" width=\"2000\" height=\"1334\" src=\"https:\/\/hcaresol.pt\/wp-content\/uploads\/2024\/07\/responsabilidade-social.png\" class=\"eut-extra-round attachment-full size-full\" alt=\"\" srcset=\"https:\/\/hcaresol.pt\/wp-content\/uploads\/2024\/07\/responsabilidade-social.png 1x,https:\/\/hcaresol.pt\/wp-content\/uploads\/2024\/07\/responsabilidade-social.png 2x\" \/>   <\/div><\/div><div class=\"eut-empty-space eut-height-1x\" style=\"\"><\/div>[vc_column_text css=\u00bb\u00bb]Integrada en un Grupo con un fuerte componente de responsabilidad social, HCareSol cree que, para una empresa ser socialmente y corporativamente responsable tiene que ser parte integrante en la comunidad en la que est\u00e1 inserida. El Grupo tambi\u00e9n se distingue por una fuerte cultura de proximidad entre colaboradores, y entre estos y la gesti\u00f3n, proporcionando una relaci\u00f3n m\u00e1s estrecha entre todos.[\/vc_column_text][\/vc_column][\/vc_row][vc_row heading_color=\u00bblight\u00bb bg_type=\u00bbcolor\u00bb padding_top_multiplier=\u00bb6x\u00bb padding_bottom_multiplier=\u00bb6x\u00bb font_color=\u00bb#ffffff\u00bb bg_color=\u00bb#5ac1d0&#8243;][vc_column width=\u00bb1\/4&#8243;][\/vc_column][vc_column width=\u00bb1\/2&#8243;]<h3 class=\"eut-element eut-title eut-align-center eut-h3\" style=\"\"><span>\u00a1Mant\u00e9ngase al d\u00eda con las \u00faltimas novedades!<\/span><\/h3>[vc_column_text css=\u00bb\u00bb text_style=\u00bbleader-text\u00bb]<\/p>\n<p style=\"text-align: center;\">S\u00edganos en Linkedin y reciba las \u00faltimas noticias de HCareSol de primera mano<\/p>\n<p>[\/vc_column_text]<div class=\"eut-empty-space eut-height-1x\" style=\"\"><\/div><div class=\"eut-element eut-align-center eut-fluid-button\"><a href=\"https:\/\/www.linkedin.com\/company\/hcaresol\/\" target=\"_blank\" class=\"eut-btn eut-btn-medium eut-extra-round eut-bg-white eut-bg-hover-grey\" style=\"max-width: 180px;\"><span>S\u00edganos<\/span><\/a><\/div>[\/vc_column][vc_column width=\u00bb1\/4&#8243;][\/vc_column][\/vc_row]<\/p>\n<\/div>","protected":false},"excerpt":{"rendered":"<p>[vc_row heading_color=\u00bblight\u00bb bg_type=\u00bbimage\u00bb bg_image=\u00bb3289&#8243; color_overlay=\u00bbcustom\u00bb color_overlay_custom=\u00bbrgba(90,193,208,0.3)\u00bb padding_top_multiplier=\u00bb6x\u00bb padding_bottom_multiplier=\u00bb6x\u00bb separator_bottom=\u00bbcurve-left-separator\u00bb font_color=\u00bb#ffffff\u00bb][vc_column width=\u00bb1\/6&#8243;][\/vc_column][vc_column width=\u00bb2\/3&#8243;][\/vc_column][vc_column width=\u00bb1\/6&#8243;][\/vc_column][\/vc_row][vc_row padding_top_multiplier=\u00bb\u00bb padding_bottom_multiplier=\u00bb\u00bb][vc_column column_custom_position=\u00bbyes\u00bb position_top=\u00bbminus-6x\u00bb position_left=\u00bb6x\u00bb width=\u00bb1\/4&#8243; tablet_text_align=\u00bbcenter\u00bb tablet_sm_text_align=\u00bbcenter\u00bb mobile_text_align=\u00bbcenter\u00bb text_align=\u00bbcenter\u00bb][\/vc_column][vc_column column_custom_position=\u00bbyes\u00bb position_top=\u00bbminus-5x\u00bb width=\u00bb1\/2&#8243;][\/vc_column][vc_column width=\u00bb1\/4&#8243;][\/vc_column][\/vc_row][vc_row padding_top_multiplier=\u00bb\u00bb padding_bottom_multiplier=\u00bb6x\u00bb columns_gap=\u00bb60&#8243;][vc_column width=\u00bb1\/6&#8243;][\/vc_column][vc_column width=\u00bb4\/6&#8243;][vc_column_text css=\u00bb\u00bb text_style=\u00bbleader-text\u00bb]En HCareSol, sabemos que la calidad de nuestros productos es una condici\u00f3n fundamental para el \u00e9xito de la empresa. Con actividad centrada [&hellip;]<\/p>\n","protected":false},"author":2,"featured_media":0,"parent":0,"menu_order":0,"comment_status":"closed","ping_status":"closed","template":"","meta":{"footnotes":""},"class_list":["post-4544","page","type-page","status-publish","hentry"],"yoast_head":"<!-- This site is optimized with the Yoast SEO plugin v27.4 - https:\/\/yoast.com\/product\/yoast-seo-wordpress\/ -->\n<title>Calidad y Sostenibilidad - Hcaresol<\/title>\n<meta name=\"robots\" content=\"index, follow, max-snippet:-1, max-image-preview:large, max-video-preview:-1\" \/>\n<link rel=\"canonical\" href=\"https:\/\/hcaresol.pt\/es\/calidad-y-sostenibilidad\/\" \/>\n<meta property=\"og:locale\" content=\"es_ES\" \/>\n<meta property=\"og:type\" content=\"article\" \/>\n<meta property=\"og:title\" content=\"Calidad y Sostenibilidad - Hcaresol\" \/>\n<meta property=\"og:description\" content=\"[vc_row heading_color=\u00bblight\u00bb bg_type=\u00bbimage\u00bb bg_image=\u00bb3289&#8243; color_overlay=\u00bbcustom\u00bb color_overlay_custom=\u00bbrgba(90,193,208,0.3)\u00bb padding_top_multiplier=\u00bb6x\u00bb padding_bottom_multiplier=\u00bb6x\u00bb separator_bottom=\u00bbcurve-left-separator\u00bb font_color=\u00bb#ffffff\u00bb][vc_column width=\u00bb1\/6&#8243;][\/vc_column][vc_column width=\u00bb2\/3&#8243;][\/vc_column][vc_column width=\u00bb1\/6&#8243;][\/vc_column][\/vc_row][vc_row padding_top_multiplier=\u00bb\u00bb padding_bottom_multiplier=\u00bb\u00bb][vc_column column_custom_position=\u00bbyes\u00bb position_top=\u00bbminus-6x\u00bb position_left=\u00bb6x\u00bb width=\u00bb1\/4&#8243; tablet_text_align=\u00bbcenter\u00bb tablet_sm_text_align=\u00bbcenter\u00bb mobile_text_align=\u00bbcenter\u00bb text_align=\u00bbcenter\u00bb][\/vc_column][vc_column column_custom_position=\u00bbyes\u00bb position_top=\u00bbminus-5x\u00bb width=\u00bb1\/2&#8243;][\/vc_column][vc_column width=\u00bb1\/4&#8243;][\/vc_column][\/vc_row][vc_row padding_top_multiplier=\u00bb\u00bb padding_bottom_multiplier=\u00bb6x\u00bb columns_gap=\u00bb60&#8243;][vc_column width=\u00bb1\/6&#8243;][\/vc_column][vc_column width=\u00bb4\/6&#8243;][vc_column_text css=\u00bb\u00bb text_style=\u00bbleader-text\u00bb]En HCareSol, sabemos que la calidad de nuestros productos es una condici\u00f3n fundamental para el \u00e9xito de la empresa. Con actividad centrada [&hellip;]\" \/>\n<meta property=\"og:url\" content=\"https:\/\/hcaresol.pt\/es\/calidad-y-sostenibilidad\/\" \/>\n<meta property=\"og:site_name\" content=\"Hcaresol\" \/>\n<meta property=\"article:modified_time\" content=\"2024-11-15T16:02:47+00:00\" \/>\n<meta name=\"twitter:card\" content=\"summary_large_image\" \/>\n<meta name=\"twitter:label1\" content=\"Tiempo de lectura\" \/>\n\t<meta name=\"twitter:data1\" content=\"4 minutos\" \/>\n<script type=\"application\/ld+json\" class=\"yoast-schema-graph\">{\"@context\":\"https:\\\/\\\/schema.org\",\"@graph\":[{\"@type\":\"WebPage\",\"@id\":\"https:\\\/\\\/hcaresol.pt\\\/es\\\/calidad-y-sostenibilidad\\\/\",\"url\":\"https:\\\/\\\/hcaresol.pt\\\/es\\\/calidad-y-sostenibilidad\\\/\",\"name\":\"Calidad y Sostenibilidad - Hcaresol\",\"isPartOf\":{\"@id\":\"https:\\\/\\\/hcaresol.pt\\\/es\\\/#website\"},\"datePublished\":\"2017-11-09T12:55:58+00:00\",\"dateModified\":\"2024-11-15T16:02:47+00:00\",\"breadcrumb\":{\"@id\":\"https:\\\/\\\/hcaresol.pt\\\/es\\\/calidad-y-sostenibilidad\\\/#breadcrumb\"},\"inLanguage\":\"es\",\"potentialAction\":[{\"@type\":\"ReadAction\",\"target\":[\"https:\\\/\\\/hcaresol.pt\\\/es\\\/calidad-y-sostenibilidad\\\/\"]}]},{\"@type\":\"BreadcrumbList\",\"@id\":\"https:\\\/\\\/hcaresol.pt\\\/es\\\/calidad-y-sostenibilidad\\\/#breadcrumb\",\"itemListElement\":[{\"@type\":\"ListItem\",\"position\":1,\"name\":\"In\u00edcio\",\"item\":\"https:\\\/\\\/hcaresol.pt\\\/es\\\/\"},{\"@type\":\"ListItem\",\"position\":2,\"name\":\"Calidad y Sostenibilidad\"}]},{\"@type\":\"WebSite\",\"@id\":\"https:\\\/\\\/hcaresol.pt\\\/es\\\/#website\",\"url\":\"https:\\\/\\\/hcaresol.pt\\\/es\\\/\",\"name\":\"Hcaresol\",\"description\":\"\",\"publisher\":{\"@id\":\"https:\\\/\\\/hcaresol.pt\\\/es\\\/#organization\"},\"potentialAction\":[{\"@type\":\"SearchAction\",\"target\":{\"@type\":\"EntryPoint\",\"urlTemplate\":\"https:\\\/\\\/hcaresol.pt\\\/es\\\/?s={search_term_string}\"},\"query-input\":{\"@type\":\"PropertyValueSpecification\",\"valueRequired\":true,\"valueName\":\"search_term_string\"}}],\"inLanguage\":\"es\"},{\"@type\":\"Organization\",\"@id\":\"https:\\\/\\\/hcaresol.pt\\\/es\\\/#organization\",\"name\":\"Hcaresol\",\"url\":\"https:\\\/\\\/hcaresol.pt\\\/es\\\/\",\"logo\":{\"@type\":\"ImageObject\",\"inLanguage\":\"es\",\"@id\":\"https:\\\/\\\/hcaresol.pt\\\/es\\\/#\\\/schema\\\/logo\\\/image\\\/\",\"url\":\"https:\\\/\\\/hcaresol.pt\\\/wp-content\\\/uploads\\\/2024\\\/06\\\/logo-hcaresol.png\",\"contentUrl\":\"https:\\\/\\\/hcaresol.pt\\\/wp-content\\\/uploads\\\/2024\\\/06\\\/logo-hcaresol.png\",\"width\":900,\"height\":834,\"caption\":\"Hcaresol\"},\"image\":{\"@id\":\"https:\\\/\\\/hcaresol.pt\\\/es\\\/#\\\/schema\\\/logo\\\/image\\\/\"},\"sameAs\":[\"https:\\\/\\\/www.linkedin.com\\\/company\\\/hcaresol\\\/\"]}]}<\/script>\n<!-- \/ Yoast SEO plugin. -->","yoast_head_json":{"title":"Calidad y Sostenibilidad - Hcaresol","robots":{"index":"index","follow":"follow","max-snippet":"max-snippet:-1","max-image-preview":"max-image-preview:large","max-video-preview":"max-video-preview:-1"},"canonical":"https:\/\/hcaresol.pt\/es\/calidad-y-sostenibilidad\/","og_locale":"es_ES","og_type":"article","og_title":"Calidad y Sostenibilidad - Hcaresol","og_description":"[vc_row heading_color=\u00bblight\u00bb bg_type=\u00bbimage\u00bb bg_image=\u00bb3289&#8243; color_overlay=\u00bbcustom\u00bb color_overlay_custom=\u00bbrgba(90,193,208,0.3)\u00bb padding_top_multiplier=\u00bb6x\u00bb padding_bottom_multiplier=\u00bb6x\u00bb separator_bottom=\u00bbcurve-left-separator\u00bb font_color=\u00bb#ffffff\u00bb][vc_column width=\u00bb1\/6&#8243;][\/vc_column][vc_column width=\u00bb2\/3&#8243;][\/vc_column][vc_column width=\u00bb1\/6&#8243;][\/vc_column][\/vc_row][vc_row padding_top_multiplier=\u00bb\u00bb padding_bottom_multiplier=\u00bb\u00bb][vc_column column_custom_position=\u00bbyes\u00bb position_top=\u00bbminus-6x\u00bb position_left=\u00bb6x\u00bb width=\u00bb1\/4&#8243; tablet_text_align=\u00bbcenter\u00bb tablet_sm_text_align=\u00bbcenter\u00bb mobile_text_align=\u00bbcenter\u00bb text_align=\u00bbcenter\u00bb][\/vc_column][vc_column column_custom_position=\u00bbyes\u00bb position_top=\u00bbminus-5x\u00bb width=\u00bb1\/2&#8243;][\/vc_column][vc_column width=\u00bb1\/4&#8243;][\/vc_column][\/vc_row][vc_row padding_top_multiplier=\u00bb\u00bb padding_bottom_multiplier=\u00bb6x\u00bb columns_gap=\u00bb60&#8243;][vc_column width=\u00bb1\/6&#8243;][\/vc_column][vc_column width=\u00bb4\/6&#8243;][vc_column_text css=\u00bb\u00bb text_style=\u00bbleader-text\u00bb]En HCareSol, sabemos que la calidad de nuestros productos es una condici\u00f3n fundamental para el \u00e9xito de la empresa. Con actividad centrada [&hellip;]","og_url":"https:\/\/hcaresol.pt\/es\/calidad-y-sostenibilidad\/","og_site_name":"Hcaresol","article_modified_time":"2024-11-15T16:02:47+00:00","twitter_card":"summary_large_image","twitter_misc":{"Tiempo de lectura":"4 minutos"},"schema":{"@context":"https:\/\/schema.org","@graph":[{"@type":"WebPage","@id":"https:\/\/hcaresol.pt\/es\/calidad-y-sostenibilidad\/","url":"https:\/\/hcaresol.pt\/es\/calidad-y-sostenibilidad\/","name":"Calidad y Sostenibilidad - Hcaresol","isPartOf":{"@id":"https:\/\/hcaresol.pt\/es\/#website"},"datePublished":"2017-11-09T12:55:58+00:00","dateModified":"2024-11-15T16:02:47+00:00","breadcrumb":{"@id":"https:\/\/hcaresol.pt\/es\/calidad-y-sostenibilidad\/#breadcrumb"},"inLanguage":"es","potentialAction":[{"@type":"ReadAction","target":["https:\/\/hcaresol.pt\/es\/calidad-y-sostenibilidad\/"]}]},{"@type":"BreadcrumbList","@id":"https:\/\/hcaresol.pt\/es\/calidad-y-sostenibilidad\/#breadcrumb","itemListElement":[{"@type":"ListItem","position":1,"name":"In\u00edcio","item":"https:\/\/hcaresol.pt\/es\/"},{"@type":"ListItem","position":2,"name":"Calidad y Sostenibilidad"}]},{"@type":"WebSite","@id":"https:\/\/hcaresol.pt\/es\/#website","url":"https:\/\/hcaresol.pt\/es\/","name":"Hcaresol","description":"","publisher":{"@id":"https:\/\/hcaresol.pt\/es\/#organization"},"potentialAction":[{"@type":"SearchAction","target":{"@type":"EntryPoint","urlTemplate":"https:\/\/hcaresol.pt\/es\/?s={search_term_string}"},"query-input":{"@type":"PropertyValueSpecification","valueRequired":true,"valueName":"search_term_string"}}],"inLanguage":"es"},{"@type":"Organization","@id":"https:\/\/hcaresol.pt\/es\/#organization","name":"Hcaresol","url":"https:\/\/hcaresol.pt\/es\/","logo":{"@type":"ImageObject","inLanguage":"es","@id":"https:\/\/hcaresol.pt\/es\/#\/schema\/logo\/image\/","url":"https:\/\/hcaresol.pt\/wp-content\/uploads\/2024\/06\/logo-hcaresol.png","contentUrl":"https:\/\/hcaresol.pt\/wp-content\/uploads\/2024\/06\/logo-hcaresol.png","width":900,"height":834,"caption":"Hcaresol"},"image":{"@id":"https:\/\/hcaresol.pt\/es\/#\/schema\/logo\/image\/"},"sameAs":["https:\/\/www.linkedin.com\/company\/hcaresol\/"]}]}},"_links":{"self":[{"href":"https:\/\/hcaresol.pt\/es\/wp-json\/wp\/v2\/pages\/4544","targetHints":{"allow":["GET"]}}],"collection":[{"href":"https:\/\/hcaresol.pt\/es\/wp-json\/wp\/v2\/pages"}],"about":[{"href":"https:\/\/hcaresol.pt\/es\/wp-json\/wp\/v2\/types\/page"}],"author":[{"embeddable":true,"href":"https:\/\/hcaresol.pt\/es\/wp-json\/wp\/v2\/users\/2"}],"replies":[{"embeddable":true,"href":"https:\/\/hcaresol.pt\/es\/wp-json\/wp\/v2\/comments?post=4544"}],"version-history":[{"count":4,"href":"https:\/\/hcaresol.pt\/es\/wp-json\/wp\/v2\/pages\/4544\/revisions"}],"predecessor-version":[{"id":4885,"href":"https:\/\/hcaresol.pt\/es\/wp-json\/wp\/v2\/pages\/4544\/revisions\/4885"}],"wp:attachment":[{"href":"https:\/\/hcaresol.pt\/es\/wp-json\/wp\/v2\/media?parent=4544"}],"curies":[{"name":"wp","href":"https:\/\/api.w.org\/{rel}","templated":true}]}}