{"id":4503,"date":"2024-06-27T08:15:44","date_gmt":"2024-06-27T08:15:44","guid":{"rendered":"https:\/\/hcaresol.pt\/product\/carro-de-emergencia\/"},"modified":"2024-09-27T15:07:58","modified_gmt":"2024-09-27T15:07:58","slug":"carro-de-emergencia","status":"publish","type":"product","link":"https:\/\/hcaresol.pt\/es\/producto\/carro-de-emergencia\/","title":{"rendered":"Carro de Emergencia"},"content":{"rendered":"","protected":false},"excerpt":{"rendered":"<ul>\n<li>Estructura en chapa y tubo de acero con pintura epoxy\/poli\u00e9ster con tratamiento antibacteriano.<\/li>\n<li>Con 5 gavetas y encimera en compacto fen\u00f3lico, con divisorias acr\u00edlicas ajustables en la gaveta superior<\/li>\n<li>Soporte de botella de ox\u00edgeno hasta 5L y soporte de suero<\/li>\n<li>Soporte rotativo para Suporte rotativo para desfibrilador y tabl para masaje card\u00edaco<\/li>\n<\/ul>\n[table id=\"155\" \/]\n","protected":false},"featured_media":4504,"template":"","meta":[],"product_brand":[],"product_cat":[110],"product_tag":[],"class_list":{"0":"post-4503","1":"product","2":"type-product","3":"status-publish","4":"has-post-thumbnail","6":"product_cat-otros-productos","8":"first","9":"onbackorder","10":"shipping-taxable","11":"product-type-simple"},"yoast_head":"<!-- This site is optimized with the Yoast SEO plugin v27.2 - https:\/\/yoast.com\/product\/yoast-seo-wordpress\/ -->\n<title>Carro de Emergencia - Hcaresol<\/title>\n<meta name=\"description\" content=\"Carro de Emergencia en acero con pintura epoxy\/poli\u00e9ster, gavetas y encimera en compacto fen\u00f3lico, soporte de botella de ox\u00edgeno y de suero\" \/>\n<meta name=\"robots\" content=\"index, follow, max-snippet:-1, max-image-preview:large, max-video-preview:-1\" \/>\n<link rel=\"canonical\" href=\"https:\/\/hcaresol.pt\/es\/producto\/carro-de-emergencia\/\" \/>\n<meta property=\"og:locale\" content=\"es_ES\" \/>\n<meta property=\"og:type\" content=\"article\" \/>\n<meta property=\"og:title\" content=\"Carro de Emergencia - Hcaresol\" \/>\n<meta property=\"og:description\" content=\"Carro de Emergencia en acero con pintura epoxy\/poli\u00e9ster, gavetas y encimera en compacto fen\u00f3lico, soporte de botella de ox\u00edgeno y de suero\" \/>\n<meta property=\"og:url\" content=\"https:\/\/hcaresol.pt\/es\/producto\/carro-de-emergencia\/\" \/>\n<meta property=\"og:site_name\" content=\"Hcaresol\" \/>\n<meta property=\"article:modified_time\" content=\"2024-09-27T15:07:58+00:00\" \/>\n<meta property=\"og:image\" content=\"https:\/\/hcaresol.pt\/wp-content\/uploads\/2024\/06\/carro-de-emergencia01.png\" \/>\n\t<meta property=\"og:image:width\" content=\"1920\" \/>\n\t<meta property=\"og:image:height\" content=\"1080\" \/>\n\t<meta property=\"og:image:type\" content=\"image\/png\" \/>\n<meta name=\"twitter:card\" content=\"summary_large_image\" \/>\n<meta name=\"twitter:label1\" content=\"Tiempo de lectura\" \/>\n\t<meta name=\"twitter:data1\" content=\"1 minuto\" \/>\n<script type=\"application\/ld+json\" class=\"yoast-schema-graph\">{\"@context\":\"https:\/\/schema.org\",\"@graph\":[{\"@type\":\"WebPage\",\"@id\":\"https:\/\/hcaresol.pt\/es\/producto\/carro-de-emergencia\/\",\"url\":\"https:\/\/hcaresol.pt\/es\/producto\/carro-de-emergencia\/\",\"name\":\"Carro de Emergencia - Hcaresol\",\"isPartOf\":{\"@id\":\"https:\/\/hcaresol.pt\/es\/#website\"},\"primaryImageOfPage\":{\"@id\":\"https:\/\/hcaresol.pt\/es\/producto\/carro-de-emergencia\/#primaryimage\"},\"image\":{\"@id\":\"https:\/\/hcaresol.pt\/es\/producto\/carro-de-emergencia\/#primaryimage\"},\"thumbnailUrl\":\"https:\/\/hcaresol.pt\/wp-content\/uploads\/2024\/06\/carro-de-emergencia01.png\",\"datePublished\":\"2024-06-27T08:15:44+00:00\",\"dateModified\":\"2024-09-27T15:07:58+00:00\",\"description\":\"Carro de Emergencia en acero con pintura epoxy\/poli\u00e9ster, gavetas y encimera en compacto fen\u00f3lico, soporte de botella de ox\u00edgeno y de suero\",\"breadcrumb\":{\"@id\":\"https:\/\/hcaresol.pt\/es\/producto\/carro-de-emergencia\/#breadcrumb\"},\"inLanguage\":\"es\",\"potentialAction\":[{\"@type\":\"ReadAction\",\"target\":[\"https:\/\/hcaresol.pt\/es\/producto\/carro-de-emergencia\/\"]}]},{\"@type\":\"ImageObject\",\"inLanguage\":\"es\",\"@id\":\"https:\/\/hcaresol.pt\/es\/producto\/carro-de-emergencia\/#primaryimage\",\"url\":\"https:\/\/hcaresol.pt\/wp-content\/uploads\/2024\/06\/carro-de-emergencia01.png\",\"contentUrl\":\"https:\/\/hcaresol.pt\/wp-content\/uploads\/2024\/06\/carro-de-emergencia01.png\",\"width\":1920,\"height\":1080},{\"@type\":\"BreadcrumbList\",\"@id\":\"https:\/\/hcaresol.pt\/es\/producto\/carro-de-emergencia\/#breadcrumb\",\"itemListElement\":[{\"@type\":\"ListItem\",\"position\":1,\"name\":\"In\u00edcio\",\"item\":\"https:\/\/hcaresol.pt\/es\/\"},{\"@type\":\"ListItem\",\"position\":2,\"name\":\"Productos\",\"item\":\"https:\/\/hcaresol.pt\/es\/shop\/\"},{\"@type\":\"ListItem\",\"position\":3,\"name\":\"Carro de Emergencia\"}]},{\"@type\":\"WebSite\",\"@id\":\"https:\/\/hcaresol.pt\/es\/#website\",\"url\":\"https:\/\/hcaresol.pt\/es\/\",\"name\":\"Hcaresol\",\"description\":\"\",\"publisher\":{\"@id\":\"https:\/\/hcaresol.pt\/es\/#organization\"},\"potentialAction\":[{\"@type\":\"SearchAction\",\"target\":{\"@type\":\"EntryPoint\",\"urlTemplate\":\"https:\/\/hcaresol.pt\/es\/?s={search_term_string}\"},\"query-input\":{\"@type\":\"PropertyValueSpecification\",\"valueRequired\":true,\"valueName\":\"search_term_string\"}}],\"inLanguage\":\"es\"},{\"@type\":\"Organization\",\"@id\":\"https:\/\/hcaresol.pt\/es\/#organization\",\"name\":\"Hcaresol\",\"url\":\"https:\/\/hcaresol.pt\/es\/\",\"logo\":{\"@type\":\"ImageObject\",\"inLanguage\":\"es\",\"@id\":\"https:\/\/hcaresol.pt\/es\/#\/schema\/logo\/image\/\",\"url\":\"https:\/\/hcaresol.pt\/wp-content\/uploads\/2024\/06\/logo-hcaresol.png\",\"contentUrl\":\"https:\/\/hcaresol.pt\/wp-content\/uploads\/2024\/06\/logo-hcaresol.png\",\"width\":900,\"height\":834,\"caption\":\"Hcaresol\"},\"image\":{\"@id\":\"https:\/\/hcaresol.pt\/es\/#\/schema\/logo\/image\/\"},\"sameAs\":[\"https:\/\/www.linkedin.com\/company\/hcaresol\/\"]}]}<\/script>\n<!-- \/ Yoast SEO plugin. -->","yoast_head_json":{"title":"Carro de Emergencia - Hcaresol","description":"Carro de Emergencia en acero con pintura epoxy\/poli\u00e9ster, gavetas y encimera en compacto fen\u00f3lico, soporte de botella de ox\u00edgeno y de suero","robots":{"index":"index","follow":"follow","max-snippet":"max-snippet:-1","max-image-preview":"max-image-preview:large","max-video-preview":"max-video-preview:-1"},"canonical":"https:\/\/hcaresol.pt\/es\/producto\/carro-de-emergencia\/","og_locale":"es_ES","og_type":"article","og_title":"Carro de Emergencia - Hcaresol","og_description":"Carro de Emergencia en acero con pintura epoxy\/poli\u00e9ster, gavetas y encimera en compacto fen\u00f3lico, soporte de botella de ox\u00edgeno y de suero","og_url":"https:\/\/hcaresol.pt\/es\/producto\/carro-de-emergencia\/","og_site_name":"Hcaresol","article_modified_time":"2024-09-27T15:07:58+00:00","og_image":[{"width":1920,"height":1080,"url":"https:\/\/hcaresol.pt\/wp-content\/uploads\/2024\/06\/carro-de-emergencia01.png","type":"image\/png"}],"twitter_card":"summary_large_image","twitter_misc":{"Tiempo de lectura":"1 minuto"},"schema":{"@context":"https:\/\/schema.org","@graph":[{"@type":"WebPage","@id":"https:\/\/hcaresol.pt\/es\/producto\/carro-de-emergencia\/","url":"https:\/\/hcaresol.pt\/es\/producto\/carro-de-emergencia\/","name":"Carro de Emergencia - Hcaresol","isPartOf":{"@id":"https:\/\/hcaresol.pt\/es\/#website"},"primaryImageOfPage":{"@id":"https:\/\/hcaresol.pt\/es\/producto\/carro-de-emergencia\/#primaryimage"},"image":{"@id":"https:\/\/hcaresol.pt\/es\/producto\/carro-de-emergencia\/#primaryimage"},"thumbnailUrl":"https:\/\/hcaresol.pt\/wp-content\/uploads\/2024\/06\/carro-de-emergencia01.png","datePublished":"2024-06-27T08:15:44+00:00","dateModified":"2024-09-27T15:07:58+00:00","description":"Carro de Emergencia en acero con pintura epoxy\/poli\u00e9ster, gavetas y encimera en compacto fen\u00f3lico, soporte de botella de ox\u00edgeno y de suero","breadcrumb":{"@id":"https:\/\/hcaresol.pt\/es\/producto\/carro-de-emergencia\/#breadcrumb"},"inLanguage":"es","potentialAction":[{"@type":"ReadAction","target":["https:\/\/hcaresol.pt\/es\/producto\/carro-de-emergencia\/"]}]},{"@type":"ImageObject","inLanguage":"es","@id":"https:\/\/hcaresol.pt\/es\/producto\/carro-de-emergencia\/#primaryimage","url":"https:\/\/hcaresol.pt\/wp-content\/uploads\/2024\/06\/carro-de-emergencia01.png","contentUrl":"https:\/\/hcaresol.pt\/wp-content\/uploads\/2024\/06\/carro-de-emergencia01.png","width":1920,"height":1080},{"@type":"BreadcrumbList","@id":"https:\/\/hcaresol.pt\/es\/producto\/carro-de-emergencia\/#breadcrumb","itemListElement":[{"@type":"ListItem","position":1,"name":"In\u00edcio","item":"https:\/\/hcaresol.pt\/es\/"},{"@type":"ListItem","position":2,"name":"Productos","item":"https:\/\/hcaresol.pt\/es\/shop\/"},{"@type":"ListItem","position":3,"name":"Carro de Emergencia"}]},{"@type":"WebSite","@id":"https:\/\/hcaresol.pt\/es\/#website","url":"https:\/\/hcaresol.pt\/es\/","name":"Hcaresol","description":"","publisher":{"@id":"https:\/\/hcaresol.pt\/es\/#organization"},"potentialAction":[{"@type":"SearchAction","target":{"@type":"EntryPoint","urlTemplate":"https:\/\/hcaresol.pt\/es\/?s={search_term_string}"},"query-input":{"@type":"PropertyValueSpecification","valueRequired":true,"valueName":"search_term_string"}}],"inLanguage":"es"},{"@type":"Organization","@id":"https:\/\/hcaresol.pt\/es\/#organization","name":"Hcaresol","url":"https:\/\/hcaresol.pt\/es\/","logo":{"@type":"ImageObject","inLanguage":"es","@id":"https:\/\/hcaresol.pt\/es\/#\/schema\/logo\/image\/","url":"https:\/\/hcaresol.pt\/wp-content\/uploads\/2024\/06\/logo-hcaresol.png","contentUrl":"https:\/\/hcaresol.pt\/wp-content\/uploads\/2024\/06\/logo-hcaresol.png","width":900,"height":834,"caption":"Hcaresol"},"image":{"@id":"https:\/\/hcaresol.pt\/es\/#\/schema\/logo\/image\/"},"sameAs":["https:\/\/www.linkedin.com\/company\/hcaresol\/"]}]}},"_links":{"self":[{"href":"https:\/\/hcaresol.pt\/es\/wp-json\/wp\/v2\/product\/4503","targetHints":{"allow":["GET"]}}],"collection":[{"href":"https:\/\/hcaresol.pt\/es\/wp-json\/wp\/v2\/product"}],"about":[{"href":"https:\/\/hcaresol.pt\/es\/wp-json\/wp\/v2\/types\/product"}],"wp:featuredmedia":[{"embeddable":true,"href":"https:\/\/hcaresol.pt\/es\/wp-json\/wp\/v2\/media\/4504"}],"wp:attachment":[{"href":"https:\/\/hcaresol.pt\/es\/wp-json\/wp\/v2\/media?parent=4503"}],"wp:term":[{"taxonomy":"product_brand","embeddable":true,"href":"https:\/\/hcaresol.pt\/es\/wp-json\/wp\/v2\/product_brand?post=4503"},{"taxonomy":"product_cat","embeddable":true,"href":"https:\/\/hcaresol.pt\/es\/wp-json\/wp\/v2\/product_cat?post=4503"},{"taxonomy":"product_tag","embeddable":true,"href":"https:\/\/hcaresol.pt\/es\/wp-json\/wp\/v2\/product_tag?post=4503"}],"curies":[{"name":"wp","href":"https:\/\/api.w.org\/{rel}","templated":true}]}}