{"id":4703,"date":"2024-06-28T10:28:12","date_gmt":"2024-06-28T10:28:12","guid":{"rendered":"https:\/\/hcaresol.pt\/product\/camilla-antua\/"},"modified":"2024-11-19T15:00:57","modified_gmt":"2024-11-19T15:00:57","slug":"camilla-antua","status":"publish","type":"product","link":"https:\/\/hcaresol.pt\/es\/producto\/camilla-antua\/","title":{"rendered":"Camilla Antu\u00e3"},"content":{"rendered":"","protected":false},"excerpt":{"rendered":"<ul>\n<li>Estructura en tubo de acero con pintura epoxy\/poli\u00e9ster con tratamiento antibacteriano<\/li>\n<li>Acolchado en espuma y napa (<strong>color est\u00e1ndar: negro<\/strong>), bipartido<\/li>\n<li>Ajuste de cabecera a trav\u00e9s de mola a gas<\/li>\n<li>Ajuste de altura con motor el\u00e9ctrico accionado por mando de pie<\/li>\n<li>Con o sin orificio facial<\/li>\n<li>Soporte para rollo de papel<\/li>\n<li>Peso m\u00e1ximo del usuario: 150 Kg<\/li>\n<\/ul>\n[table id=\"207\" \/]\n","protected":false},"featured_media":4704,"template":"","meta":[],"product_brand":[],"product_cat":[114],"product_tag":[],"class_list":{"0":"post-4703","1":"product","2":"type-product","3":"status-publish","4":"has-post-thumbnail","6":"product_cat-diagnostico-y-tratamiento","8":"first","9":"onbackorder","10":"shipping-taxable","11":"product-type-simple"},"yoast_head":"<!-- This site is optimized with the Yoast SEO plugin v27.4 - https:\/\/yoast.com\/product\/yoast-seo-wordpress\/ -->\n<title>Camilla Antu\u00e3 - Hcaresol<\/title>\n<meta name=\"description\" content=\"Camilla Antu\u00e3, bipartida, con ajuste de cabecera a trav\u00e9s de mola a gas y ajuste de altura con motor el\u00e9ctrico accionado por mando de pie.\" \/>\n<meta name=\"robots\" content=\"index, follow, max-snippet:-1, max-image-preview:large, max-video-preview:-1\" \/>\n<link rel=\"canonical\" href=\"https:\/\/hcaresol.pt\/es\/producto\/camilla-antua\/\" \/>\n<meta property=\"og:locale\" content=\"es_ES\" \/>\n<meta property=\"og:type\" content=\"article\" \/>\n<meta property=\"og:title\" content=\"Camilla Antu\u00e3 - Hcaresol\" \/>\n<meta property=\"og:description\" content=\"Camilla Antu\u00e3, bipartida, con ajuste de cabecera a trav\u00e9s de mola a gas y ajuste de altura con motor el\u00e9ctrico accionado por mando de pie.\" \/>\n<meta property=\"og:url\" content=\"https:\/\/hcaresol.pt\/es\/producto\/camilla-antua\/\" \/>\n<meta property=\"og:site_name\" content=\"Hcaresol\" \/>\n<meta property=\"article:modified_time\" content=\"2024-11-19T15:00:57+00:00\" \/>\n<meta property=\"og:image\" content=\"https:\/\/hcaresol.pt\/wp-content\/uploads\/2024\/06\/marquesa-antua.png\" \/>\n\t<meta property=\"og:image:width\" content=\"2000\" \/>\n\t<meta property=\"og:image:height\" content=\"1545\" \/>\n\t<meta property=\"og:image:type\" content=\"image\/png\" \/>\n<meta name=\"twitter:card\" content=\"summary_large_image\" \/>\n<meta name=\"twitter:label1\" content=\"Tiempo de lectura\" \/>\n\t<meta name=\"twitter:data1\" content=\"1 minuto\" \/>\n<script type=\"application\/ld+json\" class=\"yoast-schema-graph\">{\"@context\":\"https:\\\/\\\/schema.org\",\"@graph\":[{\"@type\":\"WebPage\",\"@id\":\"https:\\\/\\\/hcaresol.pt\\\/es\\\/producto\\\/camilla-antua\\\/\",\"url\":\"https:\\\/\\\/hcaresol.pt\\\/es\\\/producto\\\/camilla-antua\\\/\",\"name\":\"Camilla Antu\u00e3 - Hcaresol\",\"isPartOf\":{\"@id\":\"https:\\\/\\\/hcaresol.pt\\\/es\\\/#website\"},\"primaryImageOfPage\":{\"@id\":\"https:\\\/\\\/hcaresol.pt\\\/es\\\/producto\\\/camilla-antua\\\/#primaryimage\"},\"image\":{\"@id\":\"https:\\\/\\\/hcaresol.pt\\\/es\\\/producto\\\/camilla-antua\\\/#primaryimage\"},\"thumbnailUrl\":\"https:\\\/\\\/hcaresol.pt\\\/wp-content\\\/uploads\\\/2024\\\/06\\\/marquesa-antua.png\",\"datePublished\":\"2024-06-28T10:28:12+00:00\",\"dateModified\":\"2024-11-19T15:00:57+00:00\",\"description\":\"Camilla Antu\u00e3, bipartida, con ajuste de cabecera a trav\u00e9s de mola a gas y ajuste de altura con motor el\u00e9ctrico accionado por mando de pie.\",\"breadcrumb\":{\"@id\":\"https:\\\/\\\/hcaresol.pt\\\/es\\\/producto\\\/camilla-antua\\\/#breadcrumb\"},\"inLanguage\":\"es\",\"potentialAction\":[{\"@type\":\"ReadAction\",\"target\":[\"https:\\\/\\\/hcaresol.pt\\\/es\\\/producto\\\/camilla-antua\\\/\"]}]},{\"@type\":\"ImageObject\",\"inLanguage\":\"es\",\"@id\":\"https:\\\/\\\/hcaresol.pt\\\/es\\\/producto\\\/camilla-antua\\\/#primaryimage\",\"url\":\"https:\\\/\\\/hcaresol.pt\\\/wp-content\\\/uploads\\\/2024\\\/06\\\/marquesa-antua.png\",\"contentUrl\":\"https:\\\/\\\/hcaresol.pt\\\/wp-content\\\/uploads\\\/2024\\\/06\\\/marquesa-antua.png\",\"width\":2000,\"height\":1545},{\"@type\":\"BreadcrumbList\",\"@id\":\"https:\\\/\\\/hcaresol.pt\\\/es\\\/producto\\\/camilla-antua\\\/#breadcrumb\",\"itemListElement\":[{\"@type\":\"ListItem\",\"position\":1,\"name\":\"In\u00edcio\",\"item\":\"https:\\\/\\\/hcaresol.pt\\\/es\\\/\"},{\"@type\":\"ListItem\",\"position\":2,\"name\":\"Productos\",\"item\":\"https:\\\/\\\/hcaresol.pt\\\/es\\\/shop\\\/\"},{\"@type\":\"ListItem\",\"position\":3,\"name\":\"Camilla Antu\u00e3\"}]},{\"@type\":\"WebSite\",\"@id\":\"https:\\\/\\\/hcaresol.pt\\\/es\\\/#website\",\"url\":\"https:\\\/\\\/hcaresol.pt\\\/es\\\/\",\"name\":\"Hcaresol\",\"description\":\"\",\"publisher\":{\"@id\":\"https:\\\/\\\/hcaresol.pt\\\/es\\\/#organization\"},\"potentialAction\":[{\"@type\":\"SearchAction\",\"target\":{\"@type\":\"EntryPoint\",\"urlTemplate\":\"https:\\\/\\\/hcaresol.pt\\\/es\\\/?s={search_term_string}\"},\"query-input\":{\"@type\":\"PropertyValueSpecification\",\"valueRequired\":true,\"valueName\":\"search_term_string\"}}],\"inLanguage\":\"es\"},{\"@type\":\"Organization\",\"@id\":\"https:\\\/\\\/hcaresol.pt\\\/es\\\/#organization\",\"name\":\"Hcaresol\",\"url\":\"https:\\\/\\\/hcaresol.pt\\\/es\\\/\",\"logo\":{\"@type\":\"ImageObject\",\"inLanguage\":\"es\",\"@id\":\"https:\\\/\\\/hcaresol.pt\\\/es\\\/#\\\/schema\\\/logo\\\/image\\\/\",\"url\":\"https:\\\/\\\/hcaresol.pt\\\/wp-content\\\/uploads\\\/2024\\\/06\\\/logo-hcaresol.png\",\"contentUrl\":\"https:\\\/\\\/hcaresol.pt\\\/wp-content\\\/uploads\\\/2024\\\/06\\\/logo-hcaresol.png\",\"width\":900,\"height\":834,\"caption\":\"Hcaresol\"},\"image\":{\"@id\":\"https:\\\/\\\/hcaresol.pt\\\/es\\\/#\\\/schema\\\/logo\\\/image\\\/\"},\"sameAs\":[\"https:\\\/\\\/www.linkedin.com\\\/company\\\/hcaresol\\\/\"]}]}<\/script>\n<!-- \/ Yoast SEO plugin. -->","yoast_head_json":{"title":"Camilla Antu\u00e3 - Hcaresol","description":"Camilla Antu\u00e3, bipartida, con ajuste de cabecera a trav\u00e9s de mola a gas y ajuste de altura con motor el\u00e9ctrico accionado por mando de pie.","robots":{"index":"index","follow":"follow","max-snippet":"max-snippet:-1","max-image-preview":"max-image-preview:large","max-video-preview":"max-video-preview:-1"},"canonical":"https:\/\/hcaresol.pt\/es\/producto\/camilla-antua\/","og_locale":"es_ES","og_type":"article","og_title":"Camilla Antu\u00e3 - Hcaresol","og_description":"Camilla Antu\u00e3, bipartida, con ajuste de cabecera a trav\u00e9s de mola a gas y ajuste de altura con motor el\u00e9ctrico accionado por mando de pie.","og_url":"https:\/\/hcaresol.pt\/es\/producto\/camilla-antua\/","og_site_name":"Hcaresol","article_modified_time":"2024-11-19T15:00:57+00:00","og_image":[{"width":2000,"height":1545,"url":"https:\/\/hcaresol.pt\/wp-content\/uploads\/2024\/06\/marquesa-antua.png","type":"image\/png"}],"twitter_card":"summary_large_image","twitter_misc":{"Tiempo de lectura":"1 minuto"},"schema":{"@context":"https:\/\/schema.org","@graph":[{"@type":"WebPage","@id":"https:\/\/hcaresol.pt\/es\/producto\/camilla-antua\/","url":"https:\/\/hcaresol.pt\/es\/producto\/camilla-antua\/","name":"Camilla Antu\u00e3 - Hcaresol","isPartOf":{"@id":"https:\/\/hcaresol.pt\/es\/#website"},"primaryImageOfPage":{"@id":"https:\/\/hcaresol.pt\/es\/producto\/camilla-antua\/#primaryimage"},"image":{"@id":"https:\/\/hcaresol.pt\/es\/producto\/camilla-antua\/#primaryimage"},"thumbnailUrl":"https:\/\/hcaresol.pt\/wp-content\/uploads\/2024\/06\/marquesa-antua.png","datePublished":"2024-06-28T10:28:12+00:00","dateModified":"2024-11-19T15:00:57+00:00","description":"Camilla Antu\u00e3, bipartida, con ajuste de cabecera a trav\u00e9s de mola a gas y ajuste de altura con motor el\u00e9ctrico accionado por mando de pie.","breadcrumb":{"@id":"https:\/\/hcaresol.pt\/es\/producto\/camilla-antua\/#breadcrumb"},"inLanguage":"es","potentialAction":[{"@type":"ReadAction","target":["https:\/\/hcaresol.pt\/es\/producto\/camilla-antua\/"]}]},{"@type":"ImageObject","inLanguage":"es","@id":"https:\/\/hcaresol.pt\/es\/producto\/camilla-antua\/#primaryimage","url":"https:\/\/hcaresol.pt\/wp-content\/uploads\/2024\/06\/marquesa-antua.png","contentUrl":"https:\/\/hcaresol.pt\/wp-content\/uploads\/2024\/06\/marquesa-antua.png","width":2000,"height":1545},{"@type":"BreadcrumbList","@id":"https:\/\/hcaresol.pt\/es\/producto\/camilla-antua\/#breadcrumb","itemListElement":[{"@type":"ListItem","position":1,"name":"In\u00edcio","item":"https:\/\/hcaresol.pt\/es\/"},{"@type":"ListItem","position":2,"name":"Productos","item":"https:\/\/hcaresol.pt\/es\/shop\/"},{"@type":"ListItem","position":3,"name":"Camilla Antu\u00e3"}]},{"@type":"WebSite","@id":"https:\/\/hcaresol.pt\/es\/#website","url":"https:\/\/hcaresol.pt\/es\/","name":"Hcaresol","description":"","publisher":{"@id":"https:\/\/hcaresol.pt\/es\/#organization"},"potentialAction":[{"@type":"SearchAction","target":{"@type":"EntryPoint","urlTemplate":"https:\/\/hcaresol.pt\/es\/?s={search_term_string}"},"query-input":{"@type":"PropertyValueSpecification","valueRequired":true,"valueName":"search_term_string"}}],"inLanguage":"es"},{"@type":"Organization","@id":"https:\/\/hcaresol.pt\/es\/#organization","name":"Hcaresol","url":"https:\/\/hcaresol.pt\/es\/","logo":{"@type":"ImageObject","inLanguage":"es","@id":"https:\/\/hcaresol.pt\/es\/#\/schema\/logo\/image\/","url":"https:\/\/hcaresol.pt\/wp-content\/uploads\/2024\/06\/logo-hcaresol.png","contentUrl":"https:\/\/hcaresol.pt\/wp-content\/uploads\/2024\/06\/logo-hcaresol.png","width":900,"height":834,"caption":"Hcaresol"},"image":{"@id":"https:\/\/hcaresol.pt\/es\/#\/schema\/logo\/image\/"},"sameAs":["https:\/\/www.linkedin.com\/company\/hcaresol\/"]}]}},"_links":{"self":[{"href":"https:\/\/hcaresol.pt\/es\/wp-json\/wp\/v2\/product\/4703","targetHints":{"allow":["GET"]}}],"collection":[{"href":"https:\/\/hcaresol.pt\/es\/wp-json\/wp\/v2\/product"}],"about":[{"href":"https:\/\/hcaresol.pt\/es\/wp-json\/wp\/v2\/types\/product"}],"wp:featuredmedia":[{"embeddable":true,"href":"https:\/\/hcaresol.pt\/es\/wp-json\/wp\/v2\/media\/4704"}],"wp:attachment":[{"href":"https:\/\/hcaresol.pt\/es\/wp-json\/wp\/v2\/media?parent=4703"}],"wp:term":[{"taxonomy":"product_brand","embeddable":true,"href":"https:\/\/hcaresol.pt\/es\/wp-json\/wp\/v2\/product_brand?post=4703"},{"taxonomy":"product_cat","embeddable":true,"href":"https:\/\/hcaresol.pt\/es\/wp-json\/wp\/v2\/product_cat?post=4703"},{"taxonomy":"product_tag","embeddable":true,"href":"https:\/\/hcaresol.pt\/es\/wp-json\/wp\/v2\/product_tag?post=4703"}],"curies":[{"name":"wp","href":"https:\/\/api.w.org\/{rel}","templated":true}]}}